{"id":5706,"date":"2025-09-29T12:37:53","date_gmt":"2025-09-29T09:37:53","guid":{"rendered":"https:\/\/www.acrotel.gr\/programm-wettbewerbsfaehigkeit\/"},"modified":"2026-01-09T12:10:32","modified_gmt":"2026-01-09T09:10:32","slug":"programm-wettbewerbsfaehigkeit","status":"publish","type":"page","link":"https:\/\/www.acrotel.gr\/de\/programm-wettbewerbsfaehigkeit\/","title":{"rendered":"Programm &#8216;Wettbewerbsf\u00e4higkeit&#8217;"},"content":{"rendered":"\n<p><em><em><em>Das Unternehmen wurde durch das Programm &#8220;Wettbewerbsf\u00e4higkeit&#8221; (NSRP 2021-2027) Aktion &#8220;Gr\u00fcne produktive Investitionen f\u00fcr KMU&#8221; des Aktionspakets &#8220;Green Transition for SMEs&#8221; finanziert. Die Aktion zielt darauf ab, dass KMU moderne Technologien nutzen und entwickeln, um die von ihnen hergestellten Produkte, die von ihnen angebotenen Dienstleistungen und ihre Aktivit\u00e4ten im Allgemeinen zu verbessern.<\/em><\/em><\/em><\/p>\n","protected":false},"excerpt":{"rendered":"<p>Das Unternehmen wurde durch das Programm &#8220;Wettbewerbsf\u00e4higkeit&#8221; (NSRP 2021-2027) Aktion &#8220;Gr\u00fcne produktive Investitionen f\u00fcr KMU&#8221; des Aktionspakets &#8220;Green Transition for SMEs&#8221; finanziert. Die Aktion zielt darauf ab, dass KMU moderne Technologien nutzen und entwickeln, um die von ihnen hergestellten Produkte, die von ihnen angebotenen Dienstleistungen und ihre Aktivit\u00e4ten im Allgemeinen zu verbessern.<\/p>\n","protected":false},"author":1,"featured_media":0,"parent":0,"menu_order":0,"comment_status":"closed","ping_status":"closed","template":"template-texts.php","meta":{"_acf_changed":false,"footnotes":""},"class_list":["post-5706","page","type-page","status-publish","hentry"],"acf":[],"_links":{"self":[{"href":"https:\/\/www.acrotel.gr\/de\/wp-json\/wp\/v2\/pages\/5706","targetHints":{"allow":["GET"]}}],"collection":[{"href":"https:\/\/www.acrotel.gr\/de\/wp-json\/wp\/v2\/pages"}],"about":[{"href":"https:\/\/www.acrotel.gr\/de\/wp-json\/wp\/v2\/types\/page"}],"author":[{"embeddable":true,"href":"https:\/\/www.acrotel.gr\/de\/wp-json\/wp\/v2\/users\/1"}],"replies":[{"embeddable":true,"href":"https:\/\/www.acrotel.gr\/de\/wp-json\/wp\/v2\/comments?post=5706"}],"version-history":[{"count":13,"href":"https:\/\/www.acrotel.gr\/de\/wp-json\/wp\/v2\/pages\/5706\/revisions"}],"predecessor-version":[{"id":6868,"href":"https:\/\/www.acrotel.gr\/de\/wp-json\/wp\/v2\/pages\/5706\/revisions\/6868"}],"wp:attachment":[{"href":"https:\/\/www.acrotel.gr\/de\/wp-json\/wp\/v2\/media?parent=5706"}],"curies":[{"name":"wp","href":"https:\/\/api.w.org\/{rel}","templated":true}]}}