{"id":5717,"date":"2024-07-02T08:30:07","date_gmt":"2024-07-02T05:30:07","guid":{"rendered":"https:\/\/www.acrotel.gr\/kontaktieren-sie-uns\/"},"modified":"2026-03-26T16:43:32","modified_gmt":"2026-03-26T13:43:32","slug":"kontaktieren-sie-uns","status":"publish","type":"page","link":"https:\/\/www.acrotel.gr\/de\/kontaktieren-sie-uns\/","title":{"rendered":"Kontaktieren Sie uns"},"content":{"rendered":"\n<p>Bei Acrotel Hotels &amp; Resorts sind wir bestrebt, Ihnen einen au\u00dfergew\u00f6hnlichen Service zu bieten und Ihren Aufenthalt unvergesslich zu machen. Ganz gleich, ob Sie eine Frage haben, Hilfe bei einer Buchung ben\u00f6tigen oder mehr \u00fcber unsere Immobilien erfahren m\u00f6chten, unser engagiertes Team ist immer f\u00fcr Sie da. Sprechen Sie uns an, wir helfen Ihnen gerne weiter.<\/p>\n","protected":false},"excerpt":{"rendered":"<p>Bei Acrotel Hotels &amp; Resorts sind wir bestrebt, Ihnen einen au\u00dfergew\u00f6hnlichen Service zu bieten und Ihren Aufenthalt unvergesslich zu machen. Ganz gleich, ob Sie eine Frage haben, Hilfe bei einer Buchung ben\u00f6tigen oder mehr \u00fcber unsere Immobilien erfahren m\u00f6chten, unser engagiertes Team ist immer f\u00fcr Sie da. Sprechen Sie uns an, wir helfen Ihnen gerne [&hellip;]<\/p>\n","protected":false},"author":1,"featured_media":5721,"parent":0,"menu_order":0,"comment_status":"closed","ping_status":"closed","template":"template-contact.php","meta":{"_acf_changed":false,"footnotes":""},"class_list":["post-5717","page","type-page","status-publish","has-post-thumbnail","hentry"],"acf":[],"_links":{"self":[{"href":"https:\/\/www.acrotel.gr\/de\/wp-json\/wp\/v2\/pages\/5717","targetHints":{"allow":["GET"]}}],"collection":[{"href":"https:\/\/www.acrotel.gr\/de\/wp-json\/wp\/v2\/pages"}],"about":[{"href":"https:\/\/www.acrotel.gr\/de\/wp-json\/wp\/v2\/types\/page"}],"author":[{"embeddable":true,"href":"https:\/\/www.acrotel.gr\/de\/wp-json\/wp\/v2\/users\/1"}],"replies":[{"embeddable":true,"href":"https:\/\/www.acrotel.gr\/de\/wp-json\/wp\/v2\/comments?post=5717"}],"version-history":[{"count":6,"href":"https:\/\/www.acrotel.gr\/de\/wp-json\/wp\/v2\/pages\/5717\/revisions"}],"predecessor-version":[{"id":6873,"href":"https:\/\/www.acrotel.gr\/de\/wp-json\/wp\/v2\/pages\/5717\/revisions\/6873"}],"wp:featuredmedia":[{"embeddable":true,"href":"https:\/\/www.acrotel.gr\/de\/wp-json\/wp\/v2\/media\/5721"}],"wp:attachment":[{"href":"https:\/\/www.acrotel.gr\/de\/wp-json\/wp\/v2\/media?parent=5717"}],"curies":[{"name":"wp","href":"https:\/\/api.w.org\/{rel}","templated":true}]}}