{"id":7233,"date":"2024-11-05T16:01:04","date_gmt":"2024-11-05T13:01:04","guid":{"rendered":"https:\/\/www.acrotel.gr\/?page_id=7233"},"modified":"2026-03-19T18:46:17","modified_gmt":"2026-03-19T15:46:17","slug":"transfer-zu-unseren-hotels-resorts","status":"publish","type":"page","link":"https:\/\/www.acrotel.gr\/de\/transfer-zu-unseren-hotels-resorts\/","title":{"rendered":"Transfer zu unseren Hotels &amp; Resorts"},"content":{"rendered":"\n<p><h2>BEQUEMER TRANSFER ZU UNSEREN UNTERK\u00dcNFTEN<\/h2><\/p>\n\n\n\n<p>Unser Ziel ist es, Ihre Anreise zu unserer Unterkunft so einfach und stressfrei wie m\u00f6glich zu gestalten. Bei Acrotel setzen wir uns daf\u00fcr ein, Ihnen ein hervorragendes Preis-Leistungs-Verh\u00e4ltnis zu bieten und suchen kontinuierlich nach M\u00f6glichkeiten, Ihr Erlebnis zu verbessern. W\u00e4hlen Sie unten eine unserer Transferoptionen und buchen Sie noch heute Ihre Fahrt f\u00fcr eine reibungslose und angenehme Ankunft.<\/p>\n\n\n\n<p><\/p>\n","protected":false},"excerpt":{"rendered":"<p>BEQUEMER TRANSFER ZU UNSEREN UNTERK\u00dcNFTEN Unser Ziel ist es, Ihre Anreise zu unserer Unterkunft so einfach und stressfrei wie m\u00f6glich zu gestalten. Bei Acrotel setzen wir uns daf\u00fcr ein, Ihnen ein hervorragendes Preis-Leistungs-Verh\u00e4ltnis zu bieten und suchen kontinuierlich nach M\u00f6glichkeiten, Ihr Erlebnis zu verbessern. W\u00e4hlen Sie unten eine unserer Transferoptionen und buchen Sie noch heute [&hellip;]<\/p>\n","protected":false},"author":4,"featured_media":7244,"parent":0,"menu_order":0,"comment_status":"closed","ping_status":"closed","template":"template-transfer.php","meta":{"_acf_changed":false,"footnotes":""},"class_list":["post-7233","page","type-page","status-publish","has-post-thumbnail","hentry"],"acf":[],"_links":{"self":[{"href":"https:\/\/www.acrotel.gr\/de\/wp-json\/wp\/v2\/pages\/7233","targetHints":{"allow":["GET"]}}],"collection":[{"href":"https:\/\/www.acrotel.gr\/de\/wp-json\/wp\/v2\/pages"}],"about":[{"href":"https:\/\/www.acrotel.gr\/de\/wp-json\/wp\/v2\/types\/page"}],"author":[{"embeddable":true,"href":"https:\/\/www.acrotel.gr\/de\/wp-json\/wp\/v2\/users\/4"}],"replies":[{"embeddable":true,"href":"https:\/\/www.acrotel.gr\/de\/wp-json\/wp\/v2\/comments?post=7233"}],"version-history":[{"count":11,"href":"https:\/\/www.acrotel.gr\/de\/wp-json\/wp\/v2\/pages\/7233\/revisions"}],"predecessor-version":[{"id":7259,"href":"https:\/\/www.acrotel.gr\/de\/wp-json\/wp\/v2\/pages\/7233\/revisions\/7259"}],"wp:featuredmedia":[{"embeddable":true,"href":"https:\/\/www.acrotel.gr\/de\/wp-json\/wp\/v2\/media\/7244"}],"wp:attachment":[{"href":"https:\/\/www.acrotel.gr\/de\/wp-json\/wp\/v2\/media?parent=7233"}],"curies":[{"name":"wp","href":"https:\/\/api.w.org\/{rel}","templated":true}]}}